{"id":758,"date":"2018-12-18T09:51:24","date_gmt":"2018-12-18T09:51:24","guid":{"rendered":"http:\/\/rcdijital.com\/?page_id=758"},"modified":"2021-07-09T21:16:14","modified_gmt":"2021-07-09T21:16:14","slug":"gorunum-2","status":"publish","type":"page","link":"https:\/\/rcdijital.com\/?page_id=758","title":{"rendered":"Galeri"},"content":{"rendered":"<div class=\"wpb-content-wrapper\"><p>[vc_row full_width=&#8221;stretch_row&#8221; background_position=&#8221;center center&#8221; css=&#8221;.vc_custom_1544777668864{padding-top: 105px !important;padding-bottom: 30px !important;background-image: url(https:\/\/rcdijital.com\/wp-content\/uploads\/2018\/11\/slide5.jpg?id=51) !important;background-position: center !important;background-repeat: no-repeat !important;background-size: cover !important;}&#8221;][vc_column]<div class=\"pt-special-heading pt-special-heading-5c136dedab711  wpb_animate_when_almost_visible wpb_bounceInDown bounceInDown tac\"><h1 class=\"heading\"><i>Galeri<\/i><\/h1><\/div>[\/vc_column][\/vc_row][vc_row][vc_column]<div class=\"portfolio-array\"><div class=\"portfolio-items row portfolio-type-grid gap-on cols-3 hover-style1 portfolio-5c18c3fdb6c1f popup-gallery\"><div class=\"grid-sizer col-xs-12 col-sm-4 col-md-4\"><\/div><article class=\"portfolio-item category-grafik-tasarim popup-item col-xs-12 col-sm-4 col-md-4\"><div class=\"wrap  wpb_animate_when_almost_visible wpb_rubberBand rubberBand\"><div class=\"a-img\"><div style=\"background-image: url(https:\/\/rcdijital.com\/wp-content\/uploads\/2018\/05\/bilbord-mockup-1024x768.jpg);\"><\/div><\/div><h6><span class=\"cell\"><span class=\"categ\">Grafik Tasar\u0131m<\/span><span class=\"name\">Bilbord Mockup<\/span><\/span><\/h6><\/div><a href=\"https:\/\/rcdijital.com\/wp-content\/uploads\/2018\/05\/bilbord-mockup-scaled.jpg\" data-size=\"1024x768\" data-id=\"1\"><span><\/span><\/a><\/article><article class=\"portfolio-item category-grafik-tasarim category-wordpress popup-item col-xs-12 col-sm-4 col-md-4\"><div class=\"wrap  wpb_animate_when_almost_visible wpb_rubberBand rubberBand\"><div class=\"a-img\"><div style=\"background-image: url(https:\/\/rcdijital.com\/wp-content\/uploads\/2019\/07\/drc-kurumsal-sm--1024x1024.png);\"><\/div><\/div><h6><span class=\"cell\"><span class=\"categ\">Grafik Tasar\u0131m, WordPress<\/span><span class=\"name\">Kurumsal Logo<\/span><\/span><\/h6><\/div><a href=\"https:\/\/rcdijital.com\/wp-content\/uploads\/2019\/07\/drc-kurumsal-sm-.png\" data-size=\"1024x1024\" data-id=\"2\"><span><\/span><\/a><\/article><article class=\"portfolio-item category-logo popup-item col-xs-12 col-sm-4 col-md-4\"><div class=\"wrap  wpb_animate_when_almost_visible wpb_rubberBand rubberBand\"><div class=\"a-img\"><div style=\"background-image: url(https:\/\/rcdijital.com\/wp-content\/uploads\/2019\/07\/ggblogo-1024x768.jpg);\"><\/div><\/div><h6><span class=\"cell\"><span class=\"categ\">Logo<\/span><span class=\"name\">Kurumsal Logo \u00c7al\u0131\u015fmas\u0131<\/span><\/span><\/h6><\/div><a href=\"https:\/\/rcdijital.com\/wp-content\/uploads\/2019\/07\/ggblogo.jpg\" data-size=\"1024x768\" data-id=\"3\"><span><\/span><\/a><\/article><article class=\"portfolio-item category-logo popup-item col-xs-12 col-sm-4 col-md-4\"><div class=\"wrap  wpb_animate_when_almost_visible wpb_rubberBand rubberBand\"><div class=\"a-img\"><div style=\"background-image: url(https:\/\/rcdijital.com\/wp-content\/uploads\/2019\/07\/golden-world-logo-calismasi-1024x872.png);\"><\/div><\/div><h6><span class=\"cell\"><span class=\"categ\">Logo<\/span><span class=\"name\">Kurumsal Logo \u00c7al\u0131\u015fmas\u0131 #3<\/span><\/span><\/h6><\/div><a href=\"https:\/\/rcdijital.com\/wp-content\/uploads\/2019\/07\/golden-world-logo-calismasi.png\" data-size=\"1024x872\" data-id=\"4\"><span><\/span><\/a><\/article><article class=\"portfolio-item category-fotograf popup-item col-xs-12 col-sm-4 col-md-4\"><div class=\"wrap  wpb_animate_when_almost_visible wpb_rubberBand rubberBand\"><div class=\"a-img\"><div style=\"background-image: url(https:\/\/rcdijital.com\/wp-content\/uploads\/2019\/07\/IMG_4912-1024x683.jpg);\"><\/div><\/div><h6><span class=\"cell\"><span class=\"categ\">Foto\u011fraf<\/span><span class=\"name\">Foto\u011fraf \u00c7ekimi<\/span><\/span><\/h6><\/div><a href=\"https:\/\/rcdijital.com\/wp-content\/uploads\/2019\/07\/IMG_4912-scaled.jpg\" data-size=\"1024x683\" data-id=\"5\"><span><\/span><\/a><\/article><article class=\"portfolio-item category-wordpress popup-item col-xs-12 col-sm-4 col-md-4\"><div class=\"wrap  wpb_animate_when_almost_visible wpb_rubberBand rubberBand\"><div class=\"a-img\"><div style=\"background-image: url(https:\/\/rcdijital.com\/wp-content\/uploads\/2019\/07\/kentmer-web-sitesi-1024x1024.jpg);\"><\/div><\/div><h6><span class=\"cell\"><span class=\"categ\">WordPress<\/span><span class=\"name\">Web Sitesi #1<\/span><\/span><\/h6><\/div><a href=\"https:\/\/rcdijital.com\/wp-content\/uploads\/2019\/07\/kentmer-web-sitesi.jpg\" data-size=\"1024x1024\" data-id=\"6\"><span><\/span><\/a><\/article><article class=\"portfolio-item category-grafik-tasarim popup-item col-xs-12 col-sm-4 col-md-4\"><div class=\"wrap  wpb_animate_when_almost_visible wpb_rubberBand rubberBand\"><div class=\"a-img\"><div style=\"background-image: url(https:\/\/rcdijital.com\/wp-content\/uploads\/2019\/07\/krumsal-2-1024x1024.png);\"><\/div><\/div><h6><span class=\"cell\"><span class=\"categ\">Grafik Tasar\u0131m<\/span><span class=\"name\">Kurumsal Dosya Haz\u0131rlama<\/span><\/span><\/h6><\/div><a href=\"https:\/\/rcdijital.com\/wp-content\/uploads\/2019\/07\/krumsal-2.png\" data-size=\"1024x1024\" data-id=\"7\"><span><\/span><\/a><\/article><article class=\"portfolio-item category-grafik-tasarim popup-item col-xs-12 col-sm-4 col-md-4\"><div class=\"wrap  wpb_animate_when_almost_visible wpb_rubberBand rubberBand\"><div class=\"a-img\"><div style=\"background-image: url(https:\/\/rcdijital.com\/wp-content\/uploads\/2019\/07\/led-ekran-1024x683.jpg);\"><\/div><\/div><h6><span class=\"cell\"><span class=\"categ\">Grafik Tasar\u0131m<\/span><span class=\"name\">Led Ekran \u00c7al\u0131\u015fmas\u0131<\/span><\/span><\/h6><\/div><a href=\"https:\/\/rcdijital.com\/wp-content\/uploads\/2019\/07\/led-ekran-scaled.jpg\" data-size=\"1024x683\" data-id=\"8\"><span><\/span><\/a><\/article><article class=\"portfolio-item category-wordpress popup-item col-xs-12 col-sm-4 col-md-4\"><div class=\"wrap  wpb_animate_when_almost_visible wpb_rubberBand rubberBand\"><div class=\"a-img\"><div style=\"background-image: url(https:\/\/rcdijital.com\/wp-content\/uploads\/2021\/07\/ottoman-1024x1024.jpg);\"><\/div><\/div><h6><span class=\"cell\"><span class=\"categ\">WordPress<\/span><span class=\"name\">Web Sitesi #2<\/span><\/span><\/h6><\/div><a href=\"https:\/\/rcdijital.com\/wp-content\/uploads\/2021\/07\/ottoman.jpg\" data-size=\"1024x1024\" data-id=\"9\"><span><\/span><\/a><\/article><article class=\"portfolio-item category-sosyal-medya popup-item col-xs-12 col-sm-4 col-md-4\"><div class=\"wrap  wpb_animate_when_almost_visible wpb_rubberBand rubberBand\"><div class=\"a-img\"><div style=\"background-image: url(https:\/\/rcdijital.com\/wp-content\/uploads\/2021\/07\/POST-1024x1024.png);\"><\/div><\/div><h6><span class=\"cell\"><span class=\"categ\">Sosyal Medya<\/span><span class=\"name\">Sosyal Medya Y\u00f6netimi<\/span><\/span><\/h6><\/div><a href=\"https:\/\/rcdijital.com\/wp-content\/uploads\/2021\/07\/POST.png\" data-size=\"1024x1024\" data-id=\"10\"><span><\/span><\/a><\/article><article class=\"portfolio-item category-grafik-tasarim category-wordpress popup-item col-xs-12 col-sm-4 col-md-4\"><div class=\"wrap  wpb_animate_when_almost_visible wpb_rubberBand rubberBand\"><div class=\"a-img\"><div style=\"background-image: url(https:\/\/rcdijital.com\/wp-content\/uploads\/2021\/07\/qr-tasarim-1024x1024.jpg);\"><\/div><\/div><h6><span class=\"cell\"><span class=\"categ\">Grafik Tasar\u0131m, WordPress<\/span><span class=\"name\">QR Dijital Men\u00fc \u00c7al\u0131\u015fmas\u0131<\/span><\/span><\/h6><\/div><a href=\"https:\/\/rcdijital.com\/wp-content\/uploads\/2021\/07\/qr-tasarim.jpg\" data-size=\"1024x1024\" data-id=\"11\"><span><\/span><\/a><\/article><article class=\"portfolio-item category-grafik-tasarim popup-item col-xs-12 col-sm-4 col-md-4\"><div class=\"wrap  wpb_animate_when_almost_visible wpb_rubberBand rubberBand\"><div class=\"a-img\"><div style=\"background-image: url(https:\/\/rcdijital.com\/wp-content\/uploads\/2021\/07\/yazar-dergi-copy-1024x1024.png);\"><\/div><\/div><h6><span class=\"cell\"><span class=\"categ\">Grafik Tasar\u0131m<\/span><span class=\"name\">Dergi Tasar\u0131m \u00c7al\u0131\u015fmas\u0131<\/span><\/span><\/h6><\/div><a href=\"https:\/\/rcdijital.com\/wp-content\/uploads\/2021\/07\/yazar-dergi-copy.png\" data-size=\"1024x1024\" data-id=\"12\"><span><\/span><\/a><\/article><\/div><\/div>[\/vc_column][\/vc_row]<\/p>\n<\/div>","protected":false},"excerpt":{"rendered":"<p>[vc_row full_width=&#8221;stretch_row&#8221; background_position=&#8221;center center&#8221; css=&#8221;.vc_custom_1544777668864{padding-top: 105px !important;padding-bottom: 30px !important;background-image: url(https:\/\/rcdijital.com\/wp-content\/uploads\/2018\/11\/slide5.jpg?id=51) !important;background-position: center !important;background-repeat: no-repeat !important;background-size: cover !important;}&#8221;][vc_column][\/vc_column][\/vc_row][vc_row][vc_column][\/vc_column][\/vc_row]<\/p>\n","protected":false},"author":13,"featured_media":0,"parent":756,"menu_order":0,"comment_status":"closed","ping_status":"closed","template":"template-landing.php","meta":{"_acf_changed":false,"_monsterinsights_skip_tracking":false,"_monsterinsights_sitenote_active":false,"_monsterinsights_sitenote_note":"","_monsterinsights_sitenote_category":0,"footnotes":""},"class_list":["post-758","page","type-page","status-publish","hentry"],"acf":[],"aioseo_notices":[],"_links":{"self":[{"href":"https:\/\/rcdijital.com\/index.php?rest_route=\/wp\/v2\/pages\/758","targetHints":{"allow":["GET"]}}],"collection":[{"href":"https:\/\/rcdijital.com\/index.php?rest_route=\/wp\/v2\/pages"}],"about":[{"href":"https:\/\/rcdijital.com\/index.php?rest_route=\/wp\/v2\/types\/page"}],"author":[{"embeddable":true,"href":"https:\/\/rcdijital.com\/index.php?rest_route=\/wp\/v2\/users\/13"}],"replies":[{"embeddable":true,"href":"https:\/\/rcdijital.com\/index.php?rest_route=%2Fwp%2Fv2%2Fcomments&post=758"}],"version-history":[{"count":13,"href":"https:\/\/rcdijital.com\/index.php?rest_route=\/wp\/v2\/pages\/758\/revisions"}],"predecessor-version":[{"id":1170,"href":"https:\/\/rcdijital.com\/index.php?rest_route=\/wp\/v2\/pages\/758\/revisions\/1170"}],"up":[{"embeddable":true,"href":"https:\/\/rcdijital.com\/index.php?rest_route=\/wp\/v2\/pages\/756"}],"wp:attachment":[{"href":"https:\/\/rcdijital.com\/index.php?rest_route=%2Fwp%2Fv2%2Fmedia&parent=758"}],"curies":[{"name":"wp","href":"https:\/\/api.w.org\/{rel}","templated":true}]}}