{"id":304,"date":"2018-11-29T05:31:40","date_gmt":"2018-11-29T05:31:40","guid":{"rendered":"http:\/\/rcdijital.com\/?page_id=304"},"modified":"2024-03-29T19:37:17","modified_gmt":"2024-03-29T19:37:17","slug":"iletisim","status":"publish","type":"page","link":"https:\/\/rcdijital.com\/?page_id=304","title":{"rendered":"\u0130leti\u015fim"},"content":{"rendered":"<div class=\"wpb-content-wrapper\"><p>[vc_row full_width=&#8221;stretch_row_content_no_spaces&#8221; background_position=&#8221;center center&#8221;][vc_column]<div class=\"banner-area banner-5d36fe0a18a2f autoplay-true social-buttons-align-left with-wave\"><div class=\"banner-bottom\"><div class=\"container\"><div class=\"dots\"><\/div><\/div><\/div><div class=\"banner  fixed-height style1\" style=\"height: 400px;\"><div class=\"item banner-item-69df359be016a middle tal white\" style=\"background-image: url(https:\/\/rcdijital.com\/wp-content\/uploads\/2021\/07\/iletisin-ust-kisim-1.jpg);\"><div class=\"overlay\"><\/div><div class=\"container\"><div class=\"cell\"><div class=\"sub-h decor-h\"><span>Bizimle \u0130leti\u015fime Ge\u00e7in<\/span><\/div><div class=\"h\">\u0130leti\u015fim Talep Formu<\/div><\/div><\/div><\/div><\/div><div class=\"wave-block wave-style1\"><\/div><\/div>[\/vc_column][\/vc_row][vc_row css=&#8221;.vc_custom_1543574771325{padding-top: 45px !important;}&#8221;][vc_column css_animation=&#8221;fadeInUp&#8221;]<div class=\"pt-special-heading pt-special-heading-69df359be07ba  tac  vc_custom_1563884984649\"><h3 class=\"heading\"><i>\u0130leti\u015fim <span>Talep Formu<\/span><\/i><\/h3><\/div>[vc_column_text]Markan\u0131z reklama doysun veya b\u00fcy\u00fcyen ekibimize kat\u0131l\u0131p kariyerinizde yeni bir sayfa\u00a0 a\u00e7mak istiyorsan\u0131z Hemen bizimle ileti\u015fime ge\u00e7in.[\/vc_column_text][\/vc_column][\/vc_row][vc_row full_width=&#8221;stretch_row&#8221; equal_height=&#8221;yes&#8221; content_placement=&#8221;middle&#8221; background_position=&#8221;center center&#8221; css=&#8221;.vc_custom_1544512114366{padding-bottom: 45px !important;background-image: url(https:\/\/rcdijital.com\/wp-content\/uploads\/2018\/11\/bg-world.png?id=11) !important;background-position: center !important;background-repeat: no-repeat !important;background-size: contain !important;}&#8221;][vc_column css_animation=&#8221;fadeInLeft&#8221; width=&#8221;1\/2&#8243;]\r\n        <div class=\"contact-row contact-row-69df359be089c  vc_custom_1625567778410\">\r\n                            <div class=\"icon base-icons-phone-call\"><\/div>\r\n                            <h5 class=\"heading\"><span>+90<\/span> 530 415 66 90<\/h5>\r\n                            <div class=\"desc\">Bizimle \u0130leti\u015fime Ge\u00e7in<\/div>\r\n                    <\/div>\r\n        \r\n        \r\n        <div class=\"contact-row contact-row-69df359be08f9  vc_custom_1625567799537\">\r\n                            <div class=\"icon base-icons-envelope\"><\/div>\r\n                            <h5 class=\"heading\"><span>hello<\/span>@rcdijital.com<\/h5>\r\n                            <div class=\"desc\">Destek \/ Yard\u0131m E-Posta Adresimiz<\/div>\r\n                    <\/div>\r\n        \r\n        \r\n        <div class=\"contact-row contact-row-69df359be0956\">\r\n                            <div class=\"icon base-icons-placeholder\"><\/div>\r\n                            <h5 class=\"heading\"><span>Mu\u011fla<\/span> Ofis Adresi<\/h5>\r\n                            <div class=\"desc\">Emirbeyaz\u0131t Mahallesi \u00dc\u00e7ler Sokak No:2<br \/>\nMente\u015fe MU\u011eLA<\/div>\r\n                    <\/div>\r\n        \r\n        [\/vc_column][vc_column css_animation=&#8221;fadeInRight&#8221; width=&#8221;1\/2&#8243;][vc_column_text]\n<div class=\"wpcf7 no-js\" id=\"wpcf7-f5-o1\" lang=\"en-US\" dir=\"ltr\" data-wpcf7-id=\"5\">\n<div class=\"screen-reader-response\"><p role=\"status\" aria-live=\"polite\" aria-atomic=\"true\"><\/p> <ul><\/ul><\/div>\n<form action=\"\/index.php?rest_route=%2Fwp%2Fv2%2Fpages%2F304#wpcf7-f5-o1\" method=\"post\" class=\"wpcf7-form init\" aria-label=\"Contact form\" novalidate=\"novalidate\" data-status=\"init\">\n<fieldset class=\"hidden-fields-container\"><input type=\"hidden\" name=\"_wpcf7\" value=\"5\" \/><input type=\"hidden\" name=\"_wpcf7_version\" value=\"6.1.5\" \/><input type=\"hidden\" name=\"_wpcf7_locale\" value=\"en_US\" \/><input type=\"hidden\" name=\"_wpcf7_unit_tag\" value=\"wpcf7-f5-o1\" \/><input type=\"hidden\" name=\"_wpcf7_container_post\" value=\"0\" \/><input type=\"hidden\" name=\"_wpcf7_posted_data_hash\" value=\"\" \/>\n<\/fieldset>\n<div class=\"contact-form row\">\n\t<div class=\"col-xs-12 col-sm-6\">\n\t\t<p><span class=\"wpcf7-form-control-wrap\" data-name=\"f-name\"><input size=\"40\" maxlength=\"400\" class=\"wpcf7-form-control wpcf7-text wpcf7-validates-as-required style1\" aria-required=\"true\" aria-invalid=\"false\" placeholder=\"Ad\u0131n\u0131z Soyad\u0131n\u0131z...\" value=\"\" type=\"text\" name=\"f-name\" \/><\/span>\n\t\t<\/p>\n\t<\/div>\n\t<div class=\"col-xs-12 col-sm-6\">\n\t\t<p><span class=\"wpcf7-form-control-wrap\" data-name=\"f-company\"><input size=\"40\" maxlength=\"400\" class=\"wpcf7-form-control wpcf7-text wpcf7-validates-as-required style1\" aria-required=\"true\" aria-invalid=\"false\" placeholder=\"\u015eirketinizin Ad\u0131...\" value=\"\" type=\"text\" name=\"f-company\" \/><\/span>\n\t\t<\/p>\n\t<\/div>\n\t<div class=\"col-xs-12 col-sm-6\">\n\t\t<p><span class=\"wpcf7-form-control-wrap\" data-name=\"f-email\"><input size=\"40\" maxlength=\"400\" class=\"wpcf7-form-control wpcf7-text wpcf7-validates-as-required style1\" aria-required=\"true\" aria-invalid=\"false\" placeholder=\"E-mail...\" value=\"\" type=\"text\" name=\"f-email\" \/><\/span>\n\t\t<\/p>\n\t<\/div>\n\t<div class=\"col-xs-12 col-sm-6\">\n\t\t<p><span class=\"wpcf7-form-control-wrap\" data-name=\"f-phone\"><input size=\"40\" maxlength=\"400\" class=\"wpcf7-form-control wpcf7-text wpcf7-validates-as-required style1\" aria-required=\"true\" aria-invalid=\"false\" placeholder=\"Telefon Numaran\u0131z...\" value=\"\" type=\"text\" name=\"f-phone\" \/><\/span>\n\t\t<\/p>\n\t<\/div>\n\t<div class=\"col-xs-12\">\n\t\t<p><span class=\"wpcf7-form-control-wrap\" data-name=\"f-text\"><textarea cols=\"40\" rows=\"5\" maxlength=\"2000\" class=\"wpcf7-form-control wpcf7-textarea style1\" aria-invalid=\"false\" placeholder=\"Hangi Konuda yard\u0131m istiyorsunuz?\" name=\"f-text\"><\/textarea><\/span>\n\t\t<\/p>\n\t<\/div>\n\t<div class=\"col-xs-12\">\n\t\t<p><button type=\"submit\" class=\"button-style2 button-with-icon\"><span>G\u00d6NDER<\/span><i class=\"fa fa-angle-right\"><\/i><\/button>\n\t\t<\/p>\n\t<\/div>\n<\/div><div class=\"wpcf7-response-output\" aria-hidden=\"true\"><\/div>\n<\/form>\n<\/div>\n[\/vc_column_text][\/vc_column][\/vc_row][vc_row full_width=&#8221;stretch_row_content_no_spaces&#8221;][vc_column][vc_gmaps link=&#8221;#E-8_JTNDaWZyYW1lJTIwc3JjJTNEJTIyaHR0cHMlM0ElMkYlMkZ3d3cuZ29vZ2xlLmNvbSUyRm1hcHMlMkZlbWJlZCUzRnBiJTNEJTIxMW0xOCUyMTFtMTIlMjExbTMlMjExZDI1NDI4LjYxMTMxNDc5MzUxNCUyMTJkMjguMzgzMzQ3MTc0MTY2NjYlMjEzZDM3LjE4NjUzNjMwMTM5NDglMjEybTMlMjExZjAlMjEyZjAlMjEzZjAlMjEzbTIlMjExaTEwMjQlMjEyaTc2OCUyMTRmMTMuMSUyMTNtMyUyMTFtMiUyMTFzMHgxNGJmNzNkNzgyZjVhNDZmJTI1M0EweDljMjUxNjE4YTIyMGZjM2IlMjEyelVzT0hJRVRFc0VyRXNGUkJUQSUyMTVlMCUyMTNtMiUyMTFzdHIlMjEyc3RyJTIxNHYxNjI1NTY4MDEyODY2JTIxNW0yJTIxMXN0ciUyMTJzdHIlMjIlMjB3aWR0aCUzRCUyMjYwMCUyMiUyMGhlaWdodCUzRCUyMjQ1MCUyMiUyMHN0eWxlJTNEJTIyYm9yZGVyJTNBMCUzQiUyMiUyMGFsbG93ZnVsbHNjcmVlbiUzRCUyMiUyMiUyMGxvYWRpbmclM0QlMjJsYXp5JTIyJTNFJTNDJTJGaWZyYW1lJTNF&#8221;][\/vc_column][\/vc_row]<\/p>\n<\/div>","protected":false},"excerpt":{"rendered":"<p>[vc_row full_width=&#8221;stretch_row_content_no_spaces&#8221; background_position=&#8221;center center&#8221;][vc_column][\/vc_column][\/vc_row][vc_row css=&#8221;.vc_custom_1543574771325{padding-top: 45px !important;}&#8221;][vc_column css_animation=&#8221;fadeInUp&#8221;][vc_column_text]Markan\u0131z reklama doysun veya b\u00fcy\u00fcyen ekibimize kat\u0131l\u0131p kariyerinizde yeni bir sayfa\u00a0 a\u00e7mak istiyorsan\u0131z Hemen bizimle ileti\u015fime ge\u00e7in.[\/vc_column_text][\/vc_column][\/vc_row][vc_row full_width=&#8221;stretch_row&#8221; equal_height=&#8221;yes&#8221; content_placement=&#8221;middle&#8221; background_position=&#8221;center center&#8221; css=&#8221;.vc_custom_1544512114366{padding-bottom: 45px !important;background-image: url(https:\/\/rcdijital.com\/wp-content\/uploads\/2018\/11\/bg-world.png?id=11) !important;background-position: center !important;background-repeat: no-repeat !important;background-size: contain !important;}&#8221;][vc_column css_animation=&#8221;fadeInLeft&#8221; width=&#8221;1\/2&#8243;][\/vc_column][vc_column css_animation=&#8221;fadeInRight&#8221; width=&#8221;1\/2&#8243;][vc_column_text][\/vc_column_text][\/vc_column][\/vc_row][vc_row full_width=&#8221;stretch_row_content_no_spaces&#8221;][vc_column][vc_gmaps link=&#8221;#E-8_JTNDaWZyYW1lJTIwc3JjJTNEJTIyaHR0cHMlM0ElMkYlMkZ3d3cuZ29vZ2xlLmNvbSUyRm1hcHMlMkZlbWJlZCUzRnBiJTNEJTIxMW0xOCUyMTFtMTIlMjExbTMlMjExZDI1NDI4LjYxMTMxNDc5MzUxNCUyMTJkMjguMzgzMzQ3MTc0MTY2NjYlMjEzZDM3LjE4NjUzNjMwMTM5NDglMjEybTMlMjExZjAlMjEyZjAlMjEzZjAlMjEzbTIlMjExaTEwMjQlMjEyaTc2OCUyMTRmMTMuMSUyMTNtMyUyMTFtMiUyMTFzMHgxNGJmNzNkNzgyZjVhNDZmJTI1M0EweDljMjUxNjE4YTIyMGZjM2IlMjEyelVzT0hJRVRFc0VyRXNGUkJUQSUyMTVlMCUyMTNtMiUyMTFzdHIlMjEyc3RyJTIxNHYxNjI1NTY4MDEyODY2JTIxNW0yJTIxMXN0ciUyMTJzdHIlMjIlMjB3aWR0aCUzRCUyMjYwMCUyMiUyMGhlaWdodCUzRCUyMjQ1MCUyMiUyMHN0eWxlJTNEJTIyYm9yZGVyJTNBMCUzQiUyMiUyMGFsbG93ZnVsbHNjcmVlbiUzRCUyMiUyMiUyMGxvYWRpbmclM0QlMjJsYXp5JTIyJTNFJTNDJTJGaWZyYW1lJTNF&#8221;][\/vc_column][\/vc_row]<\/p>\n","protected":false},"author":13,"featured_media":0,"parent":0,"menu_order":0,"comment_status":"closed","ping_status":"closed","template":"template-landing.php","meta":{"_acf_changed":false,"_monsterinsights_skip_tracking":false,"_monsterinsights_sitenote_active":false,"_monsterinsights_sitenote_note":"","_monsterinsights_sitenote_category":0,"footnotes":""},"class_list":["post-304","page","type-page","status-publish","hentry"],"acf":[],"aioseo_notices":[],"_links":{"self":[{"href":"https:\/\/rcdijital.com\/index.php?rest_route=\/wp\/v2\/pages\/304","targetHints":{"allow":["GET"]}}],"collection":[{"href":"https:\/\/rcdijital.com\/index.php?rest_route=\/wp\/v2\/pages"}],"about":[{"href":"https:\/\/rcdijital.com\/index.php?rest_route=\/wp\/v2\/types\/page"}],"author":[{"embeddable":true,"href":"https:\/\/rcdijital.com\/index.php?rest_route=\/wp\/v2\/users\/13"}],"replies":[{"embeddable":true,"href":"https:\/\/rcdijital.com\/index.php?rest_route=%2Fwp%2Fv2%2Fcomments&post=304"}],"version-history":[{"count":17,"href":"https:\/\/rcdijital.com\/index.php?rest_route=\/wp\/v2\/pages\/304\/revisions"}],"predecessor-version":[{"id":1695,"href":"https:\/\/rcdijital.com\/index.php?rest_route=\/wp\/v2\/pages\/304\/revisions\/1695"}],"wp:attachment":[{"href":"https:\/\/rcdijital.com\/index.php?rest_route=%2Fwp%2Fv2%2Fmedia&parent=304"}],"curies":[{"name":"wp","href":"https:\/\/api.w.org\/{rel}","templated":true}]}}